{"id":856,"date":"2022-07-14T03:06:11","date_gmt":"2022-07-14T03:06:11","guid":{"rendered":"https:\/\/wordpress.validthemes.net\/appku\/?page_id=856"},"modified":"2024-06-23T16:13:06","modified_gmt":"2024-06-23T16:13:06","slug":"contacto","status":"publish","type":"page","link":"https:\/\/inteligenciadigital.cl\/site\/contacto\/","title":{"rendered":"CONT\u00c1CTENOS"},"content":{"rendered":"\t\t<div data-elementor-type=\"wp-page\" data-elementor-id=\"856\" class=\"elementor elementor-856\" data-elementor-post-type=\"page\">\n\t\t\t\t\t\t<section class=\"elementor-section elementor-top-section elementor-element elementor-element-e0c5ab2 elementor-section-full_width elementor-section-height-default elementor-section-height-default\" data-id=\"e0c5ab2\" data-element_type=\"section\" data-e-type=\"section\">\n\t\t\t\t\t\t\t<div class=\"elementor-background-overlay\"><\/div>\n\t\t\t\t\t\t\t<div class=\"elementor-container elementor-column-gap-no\">\n\t\t\t\t\t<div class=\"elementor-column elementor-col-100 elementor-top-column elementor-element elementor-element-7b5e73c\" data-id=\"7b5e73c\" data-element_type=\"column\" data-e-type=\"column\" data-settings=\"{&quot;background_background&quot;:&quot;classic&quot;}\">\n\t\t\t<div class=\"elementor-widget-wrap elementor-element-populated\">\n\t\t\t\t\t\t<section class=\"elementor-section elementor-inner-section elementor-element elementor-element-0dac638 elementor-section-boxed elementor-section-height-default elementor-section-height-default\" data-id=\"0dac638\" data-element_type=\"section\" data-e-type=\"section\">\n\t\t\t\t\t\t<div class=\"elementor-container elementor-column-gap-no\">\n\t\t\t\t\t<div class=\"elementor-column elementor-col-50 elementor-inner-column elementor-element elementor-element-b519115\" data-id=\"b519115\" data-element_type=\"column\" data-e-type=\"column\">\n\t\t\t<div class=\"elementor-widget-wrap elementor-element-populated\">\n\t\t\t\t\t\t<div class=\"elementor-element elementor-element-e6376d6 elementor-widget elementor-widget-appkusinglecontactinfo\" data-id=\"e6376d6\" data-element_type=\"widget\" data-e-type=\"widget\" data-widget_type=\"appkusinglecontactinfo.default\">\n\t\t\t\t<div class=\"elementor-widget-container\">\n\t\t\t\t\t<!-----------------------Start Features Area-----------------------><div class=\"contact-area\"><div class=\"content\"><ul><li><div class=\"icon\"><svg aria-hidden=\"true\" class=\"e-font-icon-svg e-fas-envelope-open-text\" viewBox=\"0 0 512 512\" xmlns=\"http:\/\/www.w3.org\/2000\/svg\"><path d=\"M176 216h160c8.84 0 16-7.16 16-16v-16c0-8.84-7.16-16-16-16H176c-8.84 0-16 7.16-16 16v16c0 8.84 7.16 16 16 16zm-16 80c0 8.84 7.16 16 16 16h160c8.84 0 16-7.16 16-16v-16c0-8.84-7.16-16-16-16H176c-8.84 0-16 7.16-16 16v16zm96 121.13c-16.42 0-32.84-5.06-46.86-15.19L0 250.86V464c0 26.51 21.49 48 48 48h416c26.51 0 48-21.49 48-48V250.86L302.86 401.94c-14.02 10.12-30.44 15.19-46.86 15.19zm237.61-254.18c-8.85-6.94-17.24-13.47-29.61-22.81V96c0-26.51-21.49-48-48-48h-77.55c-3.04-2.2-5.87-4.26-9.04-6.56C312.6 29.17 279.2-.35 256 0c-23.2-.35-56.59 29.17-73.41 41.44-3.17 2.3-6 4.36-9.04 6.56H96c-26.51 0-48 21.49-48 48v44.14c-12.37 9.33-20.76 15.87-29.61 22.81A47.995 47.995 0 0 0 0 200.72v10.65l96 69.35V96h320v184.72l96-69.35v-10.65c0-14.74-6.78-28.67-18.39-37.77z\"><\/path><\/svg><\/div><div class=\"info\"><h5>Our Email<\/h5><a href=\"mailto:info@inteligenciadigital.cl\">info@inteligenciadigital.cl<\/a><\/div><\/li><\/ul><\/div><\/div><!-----------------------End Features Area----------------------->\t\t\t\t<\/div>\n\t\t\t\t<\/div>\n\t\t\t\t<div class=\"elementor-element elementor-element-c74ac1f elementor-widget elementor-widget-appkusinglecontactinfo\" data-id=\"c74ac1f\" data-element_type=\"widget\" data-e-type=\"widget\" data-widget_type=\"appkusinglecontactinfo.default\">\n\t\t\t\t<div class=\"elementor-widget-container\">\n\t\t\t\t\t<!-----------------------Start Features Area-----------------------><div class=\"contact-area\"><div class=\"content\"><ul><li><div class=\"icon\"><svg aria-hidden=\"true\" class=\"e-font-icon-svg e-fas-map-marker-alt\" viewBox=\"0 0 384 512\" xmlns=\"http:\/\/www.w3.org\/2000\/svg\"><path d=\"M172.268 501.67C26.97 291.031 0 269.413 0 192 0 85.961 85.961 0 192 0s192 85.961 192 192c0 77.413-26.97 99.031-172.268 309.67-9.535 13.774-29.93 13.773-39.464 0zM192 272c44.183 0 80-35.817 80-80s-35.817-80-80-80-80 35.817-80 80 35.817 80 80 80z\"><\/path><\/svg><\/div><div class=\"info\"><h5>Address<\/h5><p>R\u00edo Claro 890. Santiago.<\/p><\/div><\/li><\/ul><\/div><\/div><!-----------------------End Features Area----------------------->\t\t\t\t<\/div>\n\t\t\t\t<\/div>\n\t\t\t\t<div class=\"elementor-element elementor-element-a0e0895 elementor-widget elementor-widget-appkusinglecontactinfo\" data-id=\"a0e0895\" data-element_type=\"widget\" data-e-type=\"widget\" data-widget_type=\"appkusinglecontactinfo.default\">\n\t\t\t\t<div class=\"elementor-widget-container\">\n\t\t\t\t\t<!-----------------------Start Features Area-----------------------><div class=\"contact-area\"><div class=\"content\"><ul><li><div class=\"icon\"><svg aria-hidden=\"true\" class=\"e-font-icon-svg e-fas-headphones-alt\" viewBox=\"0 0 512 512\" xmlns=\"http:\/\/www.w3.org\/2000\/svg\"><path d=\"M160 288h-16c-35.35 0-64 28.7-64 64.12v63.76c0 35.41 28.65 64.12 64 64.12h16c17.67 0 32-14.36 32-32.06V320.06c0-17.71-14.33-32.06-32-32.06zm208 0h-16c-17.67 0-32 14.35-32 32.06v127.88c0 17.7 14.33 32.06 32 32.06h16c35.35 0 64-28.71 64-64.12v-63.76c0-35.41-28.65-64.12-64-64.12zM256 32C112.91 32 4.57 151.13 0 288v112c0 8.84 7.16 16 16 16h16c8.84 0 16-7.16 16-16V288c0-114.67 93.33-207.8 208-207.82 114.67.02 208 93.15 208 207.82v112c0 8.84 7.16 16 16 16h16c8.84 0 16-7.16 16-16V288C507.43 151.13 399.09 32 256 32z\"><\/path><\/svg><\/div><div class=\"info\"><h5>Phone<\/h5><a href=\"tel:(+56)956128843\">(+56) 9 56128843<\/a><\/div><\/li><\/ul><\/div><\/div><!-----------------------End Features Area----------------------->\t\t\t\t<\/div>\n\t\t\t\t<\/div>\n\t\t\t\t\t<\/div>\n\t\t<\/div>\n\t\t\t\t<div class=\"elementor-column elementor-col-50 elementor-inner-column elementor-element elementor-element-21c91f2\" data-id=\"21c91f2\" data-element_type=\"column\" data-e-type=\"column\">\n\t\t\t<div class=\"elementor-widget-wrap elementor-element-populated\">\n\t\t\t\t\t\t<div class=\"elementor-element elementor-element-da578de fluent-form-widget-step-header-yes fluent-form-widget-step-progressbar-yes fluentform-widget-submit-button-custom elementor-widget elementor-widget-fluent-form-widget\" data-id=\"da578de\" data-element_type=\"widget\" data-e-type=\"widget\" data-widget_type=\"fluent-form-widget.default\">\n\t\t\t\t<div class=\"elementor-widget-container\">\n\t\t\t\t\t\n            <div class=\"fluentform-widget-wrapper fluentform-widget-align-default\">\n\n                            <div class=\"fluentform-widget-heading\">\n                                        <h3 class=\"fluentform-widget-title\">\n                        \u00bfDudas o Preguntas?                    <\/h3>\n                                                            <p class=\"fluentform-widget-description\">\n                        Presenta alguna duda o pregunta sobre nuestros servicios                    <\/p>\n                                    <\/div>\n            \n            <div class='fluentform ff-default fluentform_wrapper_3 ffs_default_wrap'><form data-form_id=\"3\" id=\"fluentform_3\" class=\"frm-fluent-form fluent_form_3 ff-el-form-top ff_form_instance_3_1 ff-form-loading ff_has_v3_recptcha ffs_default\" data-form_instance=\"ff_form_instance_3_1\" method=\"POST\" data-recptcha_key=\"6Leglf8pAAAAAB5vpO1t_me_1K5VazbJAjaFJsaB\" ><fieldset  style=\"border: none!important;margin: 0!important;padding: 0!important;background-color: transparent!important;box-shadow: none!important;outline: none!important; min-inline-size: 100%;\">\n                    <legend class=\"ff_screen_reader_title\" style=\"display: block; margin: 0!important;padding: 0!important;height: 0!important;text-indent: -999999px;width: 0!important;overflow:hidden;\">FORM PRINCIPAL<\/legend><input type='hidden' name='__fluent_form_embded_post_id' value='3415' \/><input type=\"hidden\" id=\"_fluentform_3_fluentformnonce\" name=\"_fluentform_3_fluentformnonce\" value=\"b594d4bdee\" \/><input type=\"hidden\" name=\"_wp_http_referer\" value=\"\/site\/wp-json\/wp\/v2\/pages\/856\" \/><div data-type=\"name-element\" data-name=\"nombre_completo\" class=\" ff-field_container ff-name-field-wrapper\" ><div class='ff-t-container'><div class='ff-t-cell '><div class='ff-el-group  ff-el-form-top'><div class=\"ff-el-input--label ff-el-is-required asterisk-right\"><label for='ff_3_nombre_completo_first_name_' id='label_ff_3_nombre_completo_first_name_' >Nombre(s)<\/label><\/div><div class='ff-el-input--content'><input type=\"text\" name=\"nombre_completo[first_name]\" id=\"ff_3_nombre_completo_first_name_\" class=\"ff-el-form-control\" placeholder=\"Nombre(s)\" aria-invalid=\"false\" aria-required=true><\/div><\/div><\/div><div class='ff-t-cell '><div class='ff-el-group  ff-el-form-top'><div class=\"ff-el-input--label ff-el-is-required asterisk-right\"><label for='ff_3_nombre_completo_last_name_' id='label_ff_3_nombre_completo_last_name_' >Apellido(s)<\/label><\/div><div class='ff-el-input--content'><input type=\"text\" name=\"nombre_completo[last_name]\" id=\"ff_3_nombre_completo_last_name_\" class=\"ff-el-form-control\" placeholder=\"Apellidos\" aria-invalid=\"false\" aria-required=true><\/div><\/div><\/div><\/div><\/div><div data-name=\"ff_cn_id_1\"  class='ff-t-container ff-column-container ff_columns_total_2 '><div class='ff-t-cell ff-t-column-1' style='flex-basis: 50%;'><div class='ff-el-group'><div class=\"ff-el-input--label ff-el-is-required asterisk-right\"><label for='ff_3_correo' id='label_ff_3_correo' aria-label=\"Correo electr\u00f3nico\">Correo electr\u00f3nico<\/label><\/div><div class='ff-el-input--content'><input type=\"email\" name=\"correo\" id=\"ff_3_correo\" class=\"ff-el-form-control\" placeholder=\"Ej. nombre@dominio.com\" data-name=\"correo\"  aria-invalid=\"false\" aria-required=true><\/div><\/div><\/div><div class='ff-t-cell ff-t-column-2' style='flex-basis: 50%;'><div class='ff-el-group'><div class=\"ff-el-input--label ff-el-is-required asterisk-right\"><label for='ff_3_telefono' id='label_ff_3_telefono' aria-label=\"Tel\u00e9fono\">Tel\u00e9fono<\/label><\/div><div class='ff-el-input--content'><input name=\"telefono\" class=\"ff-el-form-control ff-el-phone\" type=\"tel\" placeholder=\"Ej. +56 2 44445555\" data-name=\"telefono\" id=\"ff_3_telefono\" inputmode=\"tel\"  aria-invalid='false' aria-required=true><\/div><\/div><\/div><\/div><div class='ff-el-group'><div class=\"ff-el-input--label asterisk-right\"><label for='ff_3_mensaje' id='label_ff_3_mensaje' aria-label=\"Preguntas, dudas u observaciones...\">Preguntas, dudas u observaciones...<\/label><\/div><div class='ff-el-input--content'><textarea aria-required=\"false\" aria-labelledby=\"label_ff_3_mensaje\" name=\"mensaje\" id=\"ff_3_mensaje\" class=\"ff-el-form-control\" placeholder=\"Preguntas, dudas u observaciones...\" rows=\"5\" cols=\"2\" data-name=\"mensaje\" ><\/textarea><\/div><\/div><div class='ff-el-group ff-text-left ff_submit_btn_wrapper'><button type=\"submit\" class=\"ff-btn ff-btn-submit ff-btn-md ff_btn_style\"  aria-label=\"ENVIAR INFORMACI\u00d3N\">ENVIAR INFORMACI\u00d3N<\/button><\/div><\/fieldset><\/form><div id='fluentform_3_errors' class='ff-errors-in-stack ff_form_instance_3_1 ff-form-loading_errors ff_form_instance_3_1_errors'><\/div><\/div>            <script type=\"text\/javascript\">\n                window.fluent_form_ff_form_instance_3_1 = {\"id\":\"3\",\"ajaxUrl\":\"https:\\\/\\\/inteligenciadigital.cl\\\/site\\\/wp-admin\\\/admin-ajax.php\",\"settings\":{\"layout\":{\"labelPlacement\":\"top\",\"helpMessagePlacement\":\"with_label\",\"errorMessagePlacement\":\"inline\",\"cssClassName\":\"\",\"asteriskPlacement\":\"asterisk-right\"},\"restrictions\":{\"denyEmptySubmission\":{\"enabled\":false}}},\"form_instance\":\"ff_form_instance_3_1\",\"form_id_selector\":\"fluentform_3\",\"rules\":{\"nombre_completo[first_name]\":{\"required\":{\"value\":true,\"message\":\"Este campo es obligatorio\",\"global\":true,\"global_message\":\"Este campo es obligatorio\"}},\"nombre_completo[middle_name]\":{\"required\":{\"value\":false,\"message\":\"This field is required\",\"global\":false,\"global_message\":\"Este campo es obligatorio\"}},\"nombre_completo[last_name]\":{\"required\":{\"value\":true,\"message\":\"Este campo es obligatorio\",\"global\":true,\"global_message\":\"Este campo es obligatorio\"}},\"correo\":{\"required\":{\"value\":true,\"message\":\"Este campo es obligatorio\",\"global\":true,\"global_message\":\"Este campo es obligatorio\"},\"email\":{\"value\":true,\"message\":\"Este campo debe contener un correo electr\\u00f3nico v\\u00e1lido\",\"global\":true,\"global_message\":\"Este campo debe contener un correo electr\\u00f3nico v\\u00e1lido\"}},\"telefono\":{\"required\":{\"value\":true,\"message\":\"Este campo no puede ser dejado en blanco. \",\"global\":false,\"global_message\":\"Este campo es obligatorio\"},\"valid_phone_number\":{\"value\":false,\"message\":\"Phone number is not valid\",\"global\":false,\"global_message\":\"Phone number is not valid\"}},\"mensaje\":{\"required\":{\"value\":false,\"message\":\"This field is required\",\"global\":false,\"global_message\":\"Este campo es obligatorio\"}},\"g-recaptcha-response\":[]},\"debounce_time\":300};\n                            <\/script>\n                        <\/div>\n\n            \t\t\t\t<\/div>\n\t\t\t\t<\/div>\n\t\t\t\t\t<\/div>\n\t\t<\/div>\n\t\t\t\t\t<\/div>\n\t\t<\/section>\n\t\t\t\t\t<\/div>\n\t\t<\/div>\n\t\t\t\t\t<\/div>\n\t\t<\/section>\n\t\t\t\t<\/div>\n\t\t","protected":false},"excerpt":{"rendered":"<p>Nuestro Correo info@inteligenciadigital.cl Direcci\u00f3n R\u00edo Claro 890. Santiago. Tel\u00e9fono (+56) 9 56128843 \u00bfDudas o Preguntas? Presenta alguna duda o pregunta sobre nuestros servicios FORM PRINCIPAL Nombre(s)Apellido(s)Correo electr\u00f3nicoTel\u00e9fonoPreguntas, dudas u observaciones&#8230;ENVIAR INFORMACI\u00d3N<\/p>\n","protected":false},"author":1,"featured_media":0,"parent":0,"menu_order":0,"comment_status":"closed","ping_status":"closed","template":"template-builder.php","meta":{"footnotes":""},"class_list":["post-856","page","type-page","status-publish","hentry"],"yoast_head":"<!-- This site is optimized with the Yoast SEO plugin v27.5 - https:\/\/yoast.com\/product\/yoast-seo-wordpress\/ -->\n<title>CONT\u00c1CTENOS - INTELIGENCIA DIGITAL<\/title>\n<meta name=\"robots\" content=\"index, follow, max-snippet:-1, max-image-preview:large, max-video-preview:-1\" \/>\n<link rel=\"canonical\" href=\"https:\/\/inteligenciadigital.cl\/site\/contacto\/\" \/>\n<meta property=\"og:locale\" content=\"es_ES\" \/>\n<meta property=\"og:type\" content=\"article\" \/>\n<meta property=\"og:title\" content=\"CONT\u00c1CTENOS - INTELIGENCIA DIGITAL\" \/>\n<meta property=\"og:description\" content=\"Nuestro Correo info@inteligenciadigital.cl Direcci\u00f3n R\u00edo Claro 890. Santiago. Tel\u00e9fono (+56) 9 56128843 \u00bfDudas o Preguntas? Presenta alguna duda o pregunta sobre nuestros servicios FORM PRINCIPAL Nombre(s)Apellido(s)Correo electr\u00f3nicoTel\u00e9fonoPreguntas, dudas u observaciones&#8230;ENVIAR INFORMACI\u00d3N\" \/>\n<meta property=\"og:url\" content=\"https:\/\/inteligenciadigital.cl\/site\/contacto\/\" \/>\n<meta property=\"og:site_name\" content=\"INTELIGENCIA DIGITAL\" \/>\n<meta property=\"article:modified_time\" content=\"2024-06-23T16:13:06+00:00\" \/>\n<meta name=\"twitter:card\" content=\"summary_large_image\" \/>\n<meta name=\"twitter:label1\" content=\"Tiempo de lectura\" \/>\n\t<meta name=\"twitter:data1\" content=\"1 minuto\" \/>\n<script type=\"application\/ld+json\" class=\"yoast-schema-graph\">{\"@context\":\"https:\\\/\\\/schema.org\",\"@graph\":[{\"@type\":\"WebPage\",\"@id\":\"https:\\\/\\\/inteligenciadigital.cl\\\/site\\\/contacto\\\/\",\"url\":\"https:\\\/\\\/inteligenciadigital.cl\\\/site\\\/contacto\\\/\",\"name\":\"CONT\u00c1CTENOS - INTELIGENCIA DIGITAL\",\"isPartOf\":{\"@id\":\"https:\\\/\\\/inteligenciadigital.cl\\\/site\\\/#website\"},\"datePublished\":\"2022-07-14T03:06:11+00:00\",\"dateModified\":\"2024-06-23T16:13:06+00:00\",\"breadcrumb\":{\"@id\":\"https:\\\/\\\/inteligenciadigital.cl\\\/site\\\/contacto\\\/#breadcrumb\"},\"inLanguage\":\"es\",\"potentialAction\":[{\"@type\":\"ReadAction\",\"target\":[\"https:\\\/\\\/inteligenciadigital.cl\\\/site\\\/contacto\\\/\"]}]},{\"@type\":\"BreadcrumbList\",\"@id\":\"https:\\\/\\\/inteligenciadigital.cl\\\/site\\\/contacto\\\/#breadcrumb\",\"itemListElement\":[{\"@type\":\"ListItem\",\"position\":1,\"name\":\"Portada\",\"item\":\"https:\\\/\\\/inteligenciadigital.cl\\\/site\\\/\"},{\"@type\":\"ListItem\",\"position\":2,\"name\":\"CONT\u00c1CTENOS\"}]},{\"@type\":\"WebSite\",\"@id\":\"https:\\\/\\\/inteligenciadigital.cl\\\/site\\\/#website\",\"url\":\"https:\\\/\\\/inteligenciadigital.cl\\\/site\\\/\",\"name\":\"INTELIGENCIA DIGITAL\",\"description\":\"\",\"publisher\":{\"@id\":\"https:\\\/\\\/inteligenciadigital.cl\\\/site\\\/#organization\"},\"potentialAction\":[{\"@type\":\"SearchAction\",\"target\":{\"@type\":\"EntryPoint\",\"urlTemplate\":\"https:\\\/\\\/inteligenciadigital.cl\\\/site\\\/?s={search_term_string}\"},\"query-input\":{\"@type\":\"PropertyValueSpecification\",\"valueRequired\":true,\"valueName\":\"search_term_string\"}}],\"inLanguage\":\"es\"},{\"@type\":\"Organization\",\"@id\":\"https:\\\/\\\/inteligenciadigital.cl\\\/site\\\/#organization\",\"name\":\"INTELIGENCIA DIGITAL\",\"url\":\"https:\\\/\\\/inteligenciadigital.cl\\\/site\\\/\",\"logo\":{\"@type\":\"ImageObject\",\"inLanguage\":\"es\",\"@id\":\"https:\\\/\\\/inteligenciadigital.cl\\\/site\\\/#\\\/schema\\\/logo\\\/image\\\/\",\"url\":\"https:\\\/\\\/inteligenciadigital.cl\\\/site\\\/wp-content\\\/uploads\\\/2024\\\/06\\\/logo_id_2018-1024x395-1.png\",\"contentUrl\":\"https:\\\/\\\/inteligenciadigital.cl\\\/site\\\/wp-content\\\/uploads\\\/2024\\\/06\\\/logo_id_2018-1024x395-1.png\",\"width\":1024,\"height\":395,\"caption\":\"INTELIGENCIA DIGITAL\"},\"image\":{\"@id\":\"https:\\\/\\\/inteligenciadigital.cl\\\/site\\\/#\\\/schema\\\/logo\\\/image\\\/\"}}]}<\/script>\n<!-- \/ Yoast SEO plugin. -->","yoast_head_json":{"title":"CONT\u00c1CTENOS - INTELIGENCIA DIGITAL","robots":{"index":"index","follow":"follow","max-snippet":"max-snippet:-1","max-image-preview":"max-image-preview:large","max-video-preview":"max-video-preview:-1"},"canonical":"https:\/\/inteligenciadigital.cl\/site\/contacto\/","og_locale":"es_ES","og_type":"article","og_title":"CONT\u00c1CTENOS - INTELIGENCIA DIGITAL","og_description":"Nuestro Correo info@inteligenciadigital.cl Direcci\u00f3n R\u00edo Claro 890. Santiago. Tel\u00e9fono (+56) 9 56128843 \u00bfDudas o Preguntas? Presenta alguna duda o pregunta sobre nuestros servicios FORM PRINCIPAL Nombre(s)Apellido(s)Correo electr\u00f3nicoTel\u00e9fonoPreguntas, dudas u observaciones&#8230;ENVIAR INFORMACI\u00d3N","og_url":"https:\/\/inteligenciadigital.cl\/site\/contacto\/","og_site_name":"INTELIGENCIA DIGITAL","article_modified_time":"2024-06-23T16:13:06+00:00","twitter_card":"summary_large_image","twitter_misc":{"Tiempo de lectura":"1 minuto"},"schema":{"@context":"https:\/\/schema.org","@graph":[{"@type":"WebPage","@id":"https:\/\/inteligenciadigital.cl\/site\/contacto\/","url":"https:\/\/inteligenciadigital.cl\/site\/contacto\/","name":"CONT\u00c1CTENOS - INTELIGENCIA DIGITAL","isPartOf":{"@id":"https:\/\/inteligenciadigital.cl\/site\/#website"},"datePublished":"2022-07-14T03:06:11+00:00","dateModified":"2024-06-23T16:13:06+00:00","breadcrumb":{"@id":"https:\/\/inteligenciadigital.cl\/site\/contacto\/#breadcrumb"},"inLanguage":"es","potentialAction":[{"@type":"ReadAction","target":["https:\/\/inteligenciadigital.cl\/site\/contacto\/"]}]},{"@type":"BreadcrumbList","@id":"https:\/\/inteligenciadigital.cl\/site\/contacto\/#breadcrumb","itemListElement":[{"@type":"ListItem","position":1,"name":"Portada","item":"https:\/\/inteligenciadigital.cl\/site\/"},{"@type":"ListItem","position":2,"name":"CONT\u00c1CTENOS"}]},{"@type":"WebSite","@id":"https:\/\/inteligenciadigital.cl\/site\/#website","url":"https:\/\/inteligenciadigital.cl\/site\/","name":"INTELIGENCIA DIGITAL","description":"","publisher":{"@id":"https:\/\/inteligenciadigital.cl\/site\/#organization"},"potentialAction":[{"@type":"SearchAction","target":{"@type":"EntryPoint","urlTemplate":"https:\/\/inteligenciadigital.cl\/site\/?s={search_term_string}"},"query-input":{"@type":"PropertyValueSpecification","valueRequired":true,"valueName":"search_term_string"}}],"inLanguage":"es"},{"@type":"Organization","@id":"https:\/\/inteligenciadigital.cl\/site\/#organization","name":"INTELIGENCIA DIGITAL","url":"https:\/\/inteligenciadigital.cl\/site\/","logo":{"@type":"ImageObject","inLanguage":"es","@id":"https:\/\/inteligenciadigital.cl\/site\/#\/schema\/logo\/image\/","url":"https:\/\/inteligenciadigital.cl\/site\/wp-content\/uploads\/2024\/06\/logo_id_2018-1024x395-1.png","contentUrl":"https:\/\/inteligenciadigital.cl\/site\/wp-content\/uploads\/2024\/06\/logo_id_2018-1024x395-1.png","width":1024,"height":395,"caption":"INTELIGENCIA DIGITAL"},"image":{"@id":"https:\/\/inteligenciadigital.cl\/site\/#\/schema\/logo\/image\/"}}]}},"_links":{"self":[{"href":"https:\/\/inteligenciadigital.cl\/site\/wp-json\/wp\/v2\/pages\/856","targetHints":{"allow":["GET"]}}],"collection":[{"href":"https:\/\/inteligenciadigital.cl\/site\/wp-json\/wp\/v2\/pages"}],"about":[{"href":"https:\/\/inteligenciadigital.cl\/site\/wp-json\/wp\/v2\/types\/page"}],"author":[{"embeddable":true,"href":"https:\/\/inteligenciadigital.cl\/site\/wp-json\/wp\/v2\/users\/1"}],"replies":[{"embeddable":true,"href":"https:\/\/inteligenciadigital.cl\/site\/wp-json\/wp\/v2\/comments?post=856"}],"version-history":[{"count":22,"href":"https:\/\/inteligenciadigital.cl\/site\/wp-json\/wp\/v2\/pages\/856\/revisions"}],"predecessor-version":[{"id":6238,"href":"https:\/\/inteligenciadigital.cl\/site\/wp-json\/wp\/v2\/pages\/856\/revisions\/6238"}],"wp:attachment":[{"href":"https:\/\/inteligenciadigital.cl\/site\/wp-json\/wp\/v2\/media?parent=856"}],"curies":[{"name":"wp","href":"https:\/\/api.w.org\/{rel}","templated":true}]}}