{"id":1126,"date":"2022-07-20T04:07:41","date_gmt":"2022-07-20T04:07:41","guid":{"rendered":"https:\/\/wordpress.validthemes.net\/appku\/?page_id=1126"},"modified":"2024-06-23T14:49:46","modified_gmt":"2024-06-23T14:49:46","slug":"proyectos","status":"publish","type":"page","link":"https:\/\/inteligenciadigital.cl\/site\/proyectos\/","title":{"rendered":"PROYECTOS"},"content":{"rendered":"\t\t<div data-elementor-type=\"wp-page\" data-elementor-id=\"1126\" class=\"elementor elementor-1126\" data-elementor-post-type=\"page\">\n\t\t\t\t<div class=\"elementor-element elementor-element-184b756 e-flex e-con-boxed e-con e-parent\" data-id=\"184b756\" data-element_type=\"container\" data-e-type=\"container\">\n\t\t\t\t\t<div class=\"e-con-inner\">\n\t\t\t\t<div class=\"elementor-element elementor-element-a761415 elementor-widget elementor-widget-appkusectiontitle\" data-id=\"a761415\" data-element_type=\"widget\" data-e-type=\"widget\" data-widget_type=\"appkusectiontitle.default\">\n\t\t\t\t<div class=\"elementor-widget-container\">\n\t\t\t\t\t<!-- Section Title --><div class=\"site-heading\" ><h4 class=\"title-selector\">ACTIVIDADES DE INTER\u00c9S<\/h4><h2 class=\"subtitle-selector\">PROYECTOS DESTACADOS<\/h2><div class=\"devider\"><\/div><p class=\"sec-text\">Contamos con una amplia experiencia en dise\u00f1o y desarrollo web adicional a nuestro comprobado conocimiento en el \u00e1rea de infraestructura de servicios, que implica una oferta de servicios integrales que nos permite ofrecer a empresas y personas particulares, soluciones completas que abordan tanto la creaci\u00f3n y mantenimiento de sitios web y aplicaciones web como la infraestructura subyacente que los soporta. Aqu\u00ed hay una muestra de proyectos destacados que hemos desarrollo nosotros o en conjunto con TS Talent Group.<\/p><\/div><!-- End Section Title -->\t\t\t\t<\/div>\n\t\t\t\t<\/div>\n\t\t\t\t\t<\/div>\n\t\t\t\t<\/div>\n\t\t\t\t<section class=\"elementor-section elementor-top-section elementor-element elementor-element-3080d99 elementor-section-full_width elementor-section-height-default elementor-section-height-default\" data-id=\"3080d99\" data-element_type=\"section\" data-e-type=\"section\">\n\t\t\t\t\t\t<div class=\"elementor-container elementor-column-gap-no\">\n\t\t\t\t\t<div class=\"elementor-column elementor-col-100 elementor-top-column elementor-element elementor-element-daf8142\" data-id=\"daf8142\" data-element_type=\"column\" data-e-type=\"column\">\n\t\t\t<div class=\"elementor-widget-wrap elementor-element-populated\">\n\t\t\t\t\t\t<div class=\"elementor-element elementor-element-9685b80 elementor-widget elementor-widget-appkuprojectgallery\" data-id=\"9685b80\" data-element_type=\"widget\" data-e-type=\"widget\" data-widget_type=\"appkuprojectgallery.default\">\n\t\t\t\t<div class=\"elementor-widget-container\">\n\t\t\t\t\t<!-----------------------Start Brand Gallery-----------------------><div class=\"gallery-area\"><div class=\"container-full\"><div class=\"row\"><div class=\"col-md-12 gallery-content\"><div class=\"magnific-mix-gallery masonary\"><div id=\"portfolio-grid\" class=\"gallery-items colums-4\"><!-- Single Item --><div class=\"pf-item\"><div class=\"overlay\"><img decoding=\"async\" src=\"https:\/\/inteligenciadigital.cl\/site\/wp-content\/uploads\/2024\/06\/TS-TALENT.jpg\" alt=\"INTELIGENCIA%20DIGITAL\"  \/><div class=\"content\"><div class=\"title\"><span>COMERCIAL SF\n<\/span><h5><a href=\"#\">TS TALENT<\/a><\/h5><\/div><a href=\"#\"><i class=\"fas fa-arrow-right\"><\/i><\/a><\/div><\/div><\/div><!-- End Single Item --><!-- Single Item --><div class=\"pf-item\"><div class=\"overlay\"><img decoding=\"async\" src=\"https:\/\/inteligenciadigital.cl\/site\/wp-content\/uploads\/2024\/06\/LaboratorioVerma.jpg\" alt=\"INTELIGENCIA%20DIGITAL\"  \/><div class=\"content\"><div class=\"title\"><span>Marketing Digital<\/span><h5><a href=\"#\">LABORATORIOS VERMA<\/a><\/h5><\/div><a href=\"#\"><i class=\"fas fa-arrow-right\"><\/i><\/a><\/div><\/div><\/div><!-- End Single Item --><!-- Single Item --><div class=\"pf-item\"><div class=\"overlay\"><img decoding=\"async\" src=\"https:\/\/inteligenciadigital.cl\/site\/wp-content\/uploads\/2024\/06\/SVC.jpg\" alt=\"INTELIGENCIA%20DIGITAL\"  \/><div class=\"content\"><div class=\"title\"><span>Portal Web Informativo<\/span><h5><a href=\"#\">SOCIEDAD DE CARDIOLOG\u00cdA<\/a><\/h5><\/div><a href=\"#\"><i class=\"fas fa-arrow-right\"><\/i><\/a><\/div><\/div><\/div><!-- End Single Item --><!-- Single Item --><div class=\"pf-item\"><div class=\"overlay\"><img decoding=\"async\" src=\"https:\/\/inteligenciadigital.cl\/site\/wp-content\/uploads\/2024\/06\/USA-PEST-CONTROL.jpg\" alt=\"INTELIGENCIA%20DIGITAL\"  \/><div class=\"content\"><div class=\"title\"><span>Portal Web Informativo<\/span><h5><a href=\"#\">USA PEST CONTROL SERVICES<\/a><\/h5><\/div><a href=\"#\"><i class=\"fas fa-arrow-right\"><\/i><\/a><\/div><\/div><\/div><!-- End Single Item --><!-- Single Item --><div class=\"pf-item\"><div class=\"overlay\"><img decoding=\"async\" src=\"https:\/\/inteligenciadigital.cl\/site\/wp-content\/uploads\/2024\/06\/ECNAM.jpg\" alt=\"INTELIGENCIA%20DIGITAL\"  \/><div class=\"content\"><div class=\"title\"><span>Portal Web Educativo<\/span><h5><a href=\"#\">ESCUELA DE CHOCOLATER\u00cdA Y NEGOCIOS<\/a><\/h5><\/div><a href=\"#\"><i class=\"fas fa-arrow-right\"><\/i><\/a><\/div><\/div><\/div><!-- End Single Item --><!-- Single Item --><div class=\"pf-item\"><div class=\"overlay\"><img decoding=\"async\" src=\"https:\/\/inteligenciadigital.cl\/site\/wp-content\/uploads\/2024\/06\/TECAV.jpg\" alt=\"INTELIGENCIA%20DIGITAL\"  \/><div class=\"content\"><div class=\"title\"><span>Portal Web Educativo<\/span><h5><a href=\"#\">TECNOL\u00d3GICO AM\u00c9RICO VESPUCIO<\/a><\/h5><\/div><a href=\"#\"><i class=\"fas fa-arrow-right\"><\/i><\/a><\/div><\/div><\/div><!-- End Single Item --><!-- Single Item --><div class=\"pf-item\"><div class=\"overlay\"><img decoding=\"async\" src=\"https:\/\/inteligenciadigital.cl\/site\/wp-content\/uploads\/2024\/06\/CIVENPA.jpg\" alt=\"INTELIGENCIA%20DIGITAL\"  \/><div class=\"content\"><div class=\"title\"><span>Portal Web Informativo<\/span><h5><a href=\"#\">CIVENPA<\/a><\/h5><\/div><a href=\"#\"><i class=\"fas fa-arrow-right\"><\/i><\/a><\/div><\/div><\/div><!-- End Single Item --><!-- Single Item --><div class=\"pf-item\"><div class=\"overlay\"><img decoding=\"async\" src=\"https:\/\/inteligenciadigital.cl\/site\/wp-content\/uploads\/2024\/06\/AXcCAp.jpg\" alt=\"INTELIGENCIA%20DIGITAL\"  \/><div class=\"content\"><div class=\"title\"><span>Portal Web Informativo<\/span><h5><a href=\"#\">AX CAPITAL<\/a><\/h5><\/div><a href=\"#\"><i class=\"fas fa-arrow-right\"><\/i><\/a><\/div><\/div><\/div><!-- End Single Item --><\/div><\/div><\/div><\/div><\/div><\/div><!-----------------------End Brand Gallery----------------------->\t\t\t\t<\/div>\n\t\t\t\t<\/div>\n\t\t\t\t\t<\/div>\n\t\t<\/div>\n\t\t\t\t\t<\/div>\n\t\t<\/section>\n\t\t\t\t<\/div>\n\t\t","protected":false},"excerpt":{"rendered":"<p>ACTIVIDADES DE INTER\u00c9S PROYECTOS DESTACADOS Contamos con una amplia experiencia en dise\u00f1o y desarrollo web adicional a nuestro comprobado conocimiento en el \u00e1rea de infraestructura de servicios, que implica una oferta de servicios integrales que nos permite ofrecer a empresas y personas particulares, soluciones completas que abordan tanto la creaci\u00f3n y mantenimiento de sitios web&#8230;<\/p>\n","protected":false},"author":1,"featured_media":0,"parent":0,"menu_order":0,"comment_status":"closed","ping_status":"closed","template":"template-builder.php","meta":{"footnotes":""},"class_list":["post-1126","page","type-page","status-publish","hentry"],"yoast_head":"<!-- This site is optimized with the Yoast SEO plugin v27.5 - https:\/\/yoast.com\/product\/yoast-seo-wordpress\/ -->\n<title>PROYECTOS - INTELIGENCIA DIGITAL<\/title>\n<meta name=\"robots\" content=\"index, follow, max-snippet:-1, max-image-preview:large, max-video-preview:-1\" \/>\n<link rel=\"canonical\" href=\"https:\/\/inteligenciadigital.cl\/site\/proyectos\/\" \/>\n<meta property=\"og:locale\" content=\"es_ES\" \/>\n<meta property=\"og:type\" content=\"article\" \/>\n<meta property=\"og:title\" content=\"PROYECTOS - INTELIGENCIA DIGITAL\" \/>\n<meta property=\"og:description\" content=\"ACTIVIDADES DE INTER\u00c9S PROYECTOS DESTACADOS Contamos con una amplia experiencia en dise\u00f1o y desarrollo web adicional a nuestro comprobado conocimiento en el \u00e1rea de infraestructura de servicios, que implica una oferta de servicios integrales que nos permite ofrecer a empresas y personas particulares, soluciones completas que abordan tanto la creaci\u00f3n y mantenimiento de sitios web...\" \/>\n<meta property=\"og:url\" content=\"https:\/\/inteligenciadigital.cl\/site\/proyectos\/\" \/>\n<meta property=\"og:site_name\" content=\"INTELIGENCIA DIGITAL\" \/>\n<meta property=\"article:modified_time\" content=\"2024-06-23T14:49:46+00:00\" \/>\n<meta property=\"og:image\" content=\"https:\/\/inteligenciadigital.cl\/site\/wp-content\/uploads\/2024\/06\/TS-TALENT.jpg\" \/>\n<meta name=\"twitter:card\" content=\"summary_large_image\" \/>\n<meta name=\"twitter:label1\" content=\"Tiempo de lectura\" \/>\n\t<meta name=\"twitter:data1\" content=\"3 minutos\" \/>\n<script type=\"application\/ld+json\" class=\"yoast-schema-graph\">{\"@context\":\"https:\\\/\\\/schema.org\",\"@graph\":[{\"@type\":\"WebPage\",\"@id\":\"https:\\\/\\\/inteligenciadigital.cl\\\/site\\\/proyectos\\\/\",\"url\":\"https:\\\/\\\/inteligenciadigital.cl\\\/site\\\/proyectos\\\/\",\"name\":\"PROYECTOS - INTELIGENCIA DIGITAL\",\"isPartOf\":{\"@id\":\"https:\\\/\\\/inteligenciadigital.cl\\\/site\\\/#website\"},\"primaryImageOfPage\":{\"@id\":\"https:\\\/\\\/inteligenciadigital.cl\\\/site\\\/proyectos\\\/#primaryimage\"},\"image\":{\"@id\":\"https:\\\/\\\/inteligenciadigital.cl\\\/site\\\/proyectos\\\/#primaryimage\"},\"thumbnailUrl\":\"https:\\\/\\\/inteligenciadigital.cl\\\/site\\\/wp-content\\\/uploads\\\/2024\\\/06\\\/TS-TALENT.jpg\",\"datePublished\":\"2022-07-20T04:07:41+00:00\",\"dateModified\":\"2024-06-23T14:49:46+00:00\",\"breadcrumb\":{\"@id\":\"https:\\\/\\\/inteligenciadigital.cl\\\/site\\\/proyectos\\\/#breadcrumb\"},\"inLanguage\":\"es\",\"potentialAction\":[{\"@type\":\"ReadAction\",\"target\":[\"https:\\\/\\\/inteligenciadigital.cl\\\/site\\\/proyectos\\\/\"]}]},{\"@type\":\"ImageObject\",\"inLanguage\":\"es\",\"@id\":\"https:\\\/\\\/inteligenciadigital.cl\\\/site\\\/proyectos\\\/#primaryimage\",\"url\":\"https:\\\/\\\/inteligenciadigital.cl\\\/site\\\/wp-content\\\/uploads\\\/2024\\\/06\\\/TS-TALENT.jpg\",\"contentUrl\":\"https:\\\/\\\/inteligenciadigital.cl\\\/site\\\/wp-content\\\/uploads\\\/2024\\\/06\\\/TS-TALENT.jpg\",\"width\":870,\"height\":670},{\"@type\":\"BreadcrumbList\",\"@id\":\"https:\\\/\\\/inteligenciadigital.cl\\\/site\\\/proyectos\\\/#breadcrumb\",\"itemListElement\":[{\"@type\":\"ListItem\",\"position\":1,\"name\":\"Portada\",\"item\":\"https:\\\/\\\/inteligenciadigital.cl\\\/site\\\/\"},{\"@type\":\"ListItem\",\"position\":2,\"name\":\"PROYECTOS\"}]},{\"@type\":\"WebSite\",\"@id\":\"https:\\\/\\\/inteligenciadigital.cl\\\/site\\\/#website\",\"url\":\"https:\\\/\\\/inteligenciadigital.cl\\\/site\\\/\",\"name\":\"INTELIGENCIA DIGITAL\",\"description\":\"\",\"publisher\":{\"@id\":\"https:\\\/\\\/inteligenciadigital.cl\\\/site\\\/#organization\"},\"potentialAction\":[{\"@type\":\"SearchAction\",\"target\":{\"@type\":\"EntryPoint\",\"urlTemplate\":\"https:\\\/\\\/inteligenciadigital.cl\\\/site\\\/?s={search_term_string}\"},\"query-input\":{\"@type\":\"PropertyValueSpecification\",\"valueRequired\":true,\"valueName\":\"search_term_string\"}}],\"inLanguage\":\"es\"},{\"@type\":\"Organization\",\"@id\":\"https:\\\/\\\/inteligenciadigital.cl\\\/site\\\/#organization\",\"name\":\"INTELIGENCIA DIGITAL\",\"url\":\"https:\\\/\\\/inteligenciadigital.cl\\\/site\\\/\",\"logo\":{\"@type\":\"ImageObject\",\"inLanguage\":\"es\",\"@id\":\"https:\\\/\\\/inteligenciadigital.cl\\\/site\\\/#\\\/schema\\\/logo\\\/image\\\/\",\"url\":\"https:\\\/\\\/inteligenciadigital.cl\\\/site\\\/wp-content\\\/uploads\\\/2024\\\/06\\\/logo_id_2018-1024x395-1.png\",\"contentUrl\":\"https:\\\/\\\/inteligenciadigital.cl\\\/site\\\/wp-content\\\/uploads\\\/2024\\\/06\\\/logo_id_2018-1024x395-1.png\",\"width\":1024,\"height\":395,\"caption\":\"INTELIGENCIA DIGITAL\"},\"image\":{\"@id\":\"https:\\\/\\\/inteligenciadigital.cl\\\/site\\\/#\\\/schema\\\/logo\\\/image\\\/\"}}]}<\/script>\n<!-- \/ Yoast SEO plugin. -->","yoast_head_json":{"title":"PROYECTOS - INTELIGENCIA DIGITAL","robots":{"index":"index","follow":"follow","max-snippet":"max-snippet:-1","max-image-preview":"max-image-preview:large","max-video-preview":"max-video-preview:-1"},"canonical":"https:\/\/inteligenciadigital.cl\/site\/proyectos\/","og_locale":"es_ES","og_type":"article","og_title":"PROYECTOS - INTELIGENCIA DIGITAL","og_description":"ACTIVIDADES DE INTER\u00c9S PROYECTOS DESTACADOS Contamos con una amplia experiencia en dise\u00f1o y desarrollo web adicional a nuestro comprobado conocimiento en el \u00e1rea de infraestructura de servicios, que implica una oferta de servicios integrales que nos permite ofrecer a empresas y personas particulares, soluciones completas que abordan tanto la creaci\u00f3n y mantenimiento de sitios web...","og_url":"https:\/\/inteligenciadigital.cl\/site\/proyectos\/","og_site_name":"INTELIGENCIA DIGITAL","article_modified_time":"2024-06-23T14:49:46+00:00","og_image":[{"url":"https:\/\/inteligenciadigital.cl\/site\/wp-content\/uploads\/2024\/06\/TS-TALENT.jpg","type":"","width":"","height":""}],"twitter_card":"summary_large_image","twitter_misc":{"Tiempo de lectura":"3 minutos"},"schema":{"@context":"https:\/\/schema.org","@graph":[{"@type":"WebPage","@id":"https:\/\/inteligenciadigital.cl\/site\/proyectos\/","url":"https:\/\/inteligenciadigital.cl\/site\/proyectos\/","name":"PROYECTOS - INTELIGENCIA DIGITAL","isPartOf":{"@id":"https:\/\/inteligenciadigital.cl\/site\/#website"},"primaryImageOfPage":{"@id":"https:\/\/inteligenciadigital.cl\/site\/proyectos\/#primaryimage"},"image":{"@id":"https:\/\/inteligenciadigital.cl\/site\/proyectos\/#primaryimage"},"thumbnailUrl":"https:\/\/inteligenciadigital.cl\/site\/wp-content\/uploads\/2024\/06\/TS-TALENT.jpg","datePublished":"2022-07-20T04:07:41+00:00","dateModified":"2024-06-23T14:49:46+00:00","breadcrumb":{"@id":"https:\/\/inteligenciadigital.cl\/site\/proyectos\/#breadcrumb"},"inLanguage":"es","potentialAction":[{"@type":"ReadAction","target":["https:\/\/inteligenciadigital.cl\/site\/proyectos\/"]}]},{"@type":"ImageObject","inLanguage":"es","@id":"https:\/\/inteligenciadigital.cl\/site\/proyectos\/#primaryimage","url":"https:\/\/inteligenciadigital.cl\/site\/wp-content\/uploads\/2024\/06\/TS-TALENT.jpg","contentUrl":"https:\/\/inteligenciadigital.cl\/site\/wp-content\/uploads\/2024\/06\/TS-TALENT.jpg","width":870,"height":670},{"@type":"BreadcrumbList","@id":"https:\/\/inteligenciadigital.cl\/site\/proyectos\/#breadcrumb","itemListElement":[{"@type":"ListItem","position":1,"name":"Portada","item":"https:\/\/inteligenciadigital.cl\/site\/"},{"@type":"ListItem","position":2,"name":"PROYECTOS"}]},{"@type":"WebSite","@id":"https:\/\/inteligenciadigital.cl\/site\/#website","url":"https:\/\/inteligenciadigital.cl\/site\/","name":"INTELIGENCIA DIGITAL","description":"","publisher":{"@id":"https:\/\/inteligenciadigital.cl\/site\/#organization"},"potentialAction":[{"@type":"SearchAction","target":{"@type":"EntryPoint","urlTemplate":"https:\/\/inteligenciadigital.cl\/site\/?s={search_term_string}"},"query-input":{"@type":"PropertyValueSpecification","valueRequired":true,"valueName":"search_term_string"}}],"inLanguage":"es"},{"@type":"Organization","@id":"https:\/\/inteligenciadigital.cl\/site\/#organization","name":"INTELIGENCIA DIGITAL","url":"https:\/\/inteligenciadigital.cl\/site\/","logo":{"@type":"ImageObject","inLanguage":"es","@id":"https:\/\/inteligenciadigital.cl\/site\/#\/schema\/logo\/image\/","url":"https:\/\/inteligenciadigital.cl\/site\/wp-content\/uploads\/2024\/06\/logo_id_2018-1024x395-1.png","contentUrl":"https:\/\/inteligenciadigital.cl\/site\/wp-content\/uploads\/2024\/06\/logo_id_2018-1024x395-1.png","width":1024,"height":395,"caption":"INTELIGENCIA DIGITAL"},"image":{"@id":"https:\/\/inteligenciadigital.cl\/site\/#\/schema\/logo\/image\/"}}]}},"_links":{"self":[{"href":"https:\/\/inteligenciadigital.cl\/site\/wp-json\/wp\/v2\/pages\/1126","targetHints":{"allow":["GET"]}}],"collection":[{"href":"https:\/\/inteligenciadigital.cl\/site\/wp-json\/wp\/v2\/pages"}],"about":[{"href":"https:\/\/inteligenciadigital.cl\/site\/wp-json\/wp\/v2\/types\/page"}],"author":[{"embeddable":true,"href":"https:\/\/inteligenciadigital.cl\/site\/wp-json\/wp\/v2\/users\/1"}],"replies":[{"embeddable":true,"href":"https:\/\/inteligenciadigital.cl\/site\/wp-json\/wp\/v2\/comments?post=1126"}],"version-history":[{"count":22,"href":"https:\/\/inteligenciadigital.cl\/site\/wp-json\/wp\/v2\/pages\/1126\/revisions"}],"predecessor-version":[{"id":6218,"href":"https:\/\/inteligenciadigital.cl\/site\/wp-json\/wp\/v2\/pages\/1126\/revisions\/6218"}],"wp:attachment":[{"href":"https:\/\/inteligenciadigital.cl\/site\/wp-json\/wp\/v2\/media?parent=1126"}],"curies":[{"name":"wp","href":"https:\/\/api.w.org\/{rel}","templated":true}]}}